{"id":480,"date":"2024-03-27T19:07:41","date_gmt":"2024-03-27T16:07:41","guid":{"rendered":"https:\/\/oxytropin.ru\/fr\/?page_id=480"},"modified":"2024-03-28T20:58:16","modified_gmt":"2024-03-28T17:58:16","slug":"home","status":"publish","type":"page","link":"https:\/\/oxytropin.ru\/fr\/","title":{"rendered":"Home"},"content":{"rendered":"","protected":false},"excerpt":{"rendered":"","protected":false},"author":1,"featured_media":0,"parent":0,"menu_order":0,"comment_status":"closed","ping_status":"closed","template":"home.php","meta":{"_acf_changed":false,"footnotes":""},"class_list":["post-480","page","type-page","status-publish","hentry"],"acf":{"home_nav":[{"link_name":"Catalogue","link":"\/fr\/catalog"},{"link_name":"Blog & news","link":"\/fr\/blog"},{"link_name":"\u00c9quipe","link":"#team"}],"oxy_title":"OXY SHOP","oxy_subtitle":"OxySHOP est un fournisseur fiable de renomm\u00e9e mondiale de produits de qualit\u00e9 pour les athl\u00e8tes.","oxy_btn":"Catalogue","oxy_title_one":"Produit","oxy_text_one":"<p><span style=\"font-weight: 400;\">Depuis plus de 9 ans, nous<br \/>\nfabriquons pour vous des<br \/>\nproduits de qualit\u00e9 sup\u00e9rieure.\u00a0<\/span><\/p>\n","oxy_title_two":"Assortiment","oxy_text_two":"<p><span style=\"font-weight: 400;\">Notre assortiment satisfera<br \/>\nm\u00eame les athl\u00e8tes les<br \/>\nplus exigeants !<\/span><\/p>\n","athletes_title":"Nous sommes choisis<br> par les meilleurs","athletes":[{"athlete_name":"Ahmad<br> Hegazey","athlete_experience":"Npc pro qualifier Georgia<br> Ahmed Ali diamond cup","athlete_nickname":"__hegazey__","athlete_photo":"https:\/\/oxytropin.ru\/fr\/wp-content\/uploads\/sites\/4\/2024\/03\/new-ath-eng1.png"},{"athlete_name":"Dorian<br> Haywood","athlete_experience":"2022 Toronto Pro 4th place","athlete_nickname":"dorianhaywood.ifbbpro","athlete_photo":"https:\/\/oxytropin.ru\/fr\/wp-content\/uploads\/sites\/4\/2024\/03\/ath-eng2.png"},{"athlete_name":"Rose<br> Santos","athlete_experience":"Arm Wrestling (Luta de bra\u00e7o):<br> Pan American Gold Medalist","athlete_nickname":"rosesantosatleta","athlete_photo":"https:\/\/oxytropin.ru\/fr\/wp-content\/uploads\/sites\/4\/2024\/03\/ath-eng3.png"},{"athlete_name":"Radomir<br> Merdovic","athlete_experience":"National champion<br> Europian finalist","athlete_nickname":"_____the__one____","athlete_photo":"https:\/\/oxytropin.ru\/fr\/wp-content\/uploads\/sites\/4\/2024\/03\/new-ath-eng4.png"},{"athlete_name":"Lisa<br> Cross","athlete_experience":"2016 - 2nd Tampa pro<br> 2017 - 1st Tampa pro","athlete_nickname":"bblisacross","athlete_photo":"https:\/\/oxytropin.ru\/fr\/wp-content\/uploads\/sites\/4\/2024\/03\/ath-eng5.png"}],"benefits_section_title":"Nos avantages","check_section_title":"V\u00e9rification du produit","check_step_one":"Localisez l'autocollant<br> sur l'emballage.","check_step_two":"D\u00e9collez la couche<br> protectrice.","check_step_three":"Saisissez le code de v\u00e9rification<br> dans le champ ci-dessous.","label_check":"Saisissez le code de v\u00e9rification","label_form_btn":"V\u00e9rifier","catalog_label":"Catalogue","catalog_title_one":"Cours pr\u00eats<br> \u00e0 l'emploi","catalog_count_one":"10 produits","catalog_title_two":"Peptides","catalog_count_two":"2 produits","catalog_title_three":"St\u00e9ro\u00efdes<br> injectables","catalog_count_three":"16 produits","catalog_title_four":"Pr\u00e9parations<br> post-cours","catalog_count_four":"6 produits","catalog_title_five":"St\u00e9ro\u00efdes<br> oraux","catalog_count_five":"7 produits","feedback_title":"Faire une demande","feedback_descr":"Pour conna\u00eetre le co\u00fbt r\u00e9el, les promotions en cours et d'autres questions que vous pouvez poser \u00e0 notre responsable.","feedback_submit_label":"Envoyer","blog_carousel_title":"Blog","blog_carousel_btn":"Lire tout","analyses_subtitle":"Voir toutes les analyses","cooperation_section_title":"Possibilit\u00e9s de<br> coop\u00e9ration","cooperation_list":[{"cooperation_block_title":"Entra\u00eeneurs et athl\u00e8tes","cooperation_block_descr":"<ul>\n<li><span style=\"font-weight: 400;\">Prix sp\u00e9ciaux<\/span><\/li>\n<li><span style=\"font-weight: 400;\">Livraison anonyme en dropshipping<\/span><\/li>\n<li><span style=\"font-weight: 400;\">Cadeaux de marque<\/span><\/li>\n<li><span style=\"font-weight: 400;\">V\u00eatements de marque<\/span><\/li>\n<\/ul>\n","cooperation_block_img":"https:\/\/oxytropin.ru\/fr\/wp-content\/uploads\/sites\/4\/2024\/03\/cooperation-1.png"},{"cooperation_block_title":"Grossistes et magasins","cooperation_block_descr":"<ul>\n<li><span style=\"font-weight: 400;\">Marge \u00e9lev\u00e9e<\/span><\/li>\n<li><span style=\"font-weight: 400;\">Livraison anonyme en dropshipping<\/span><\/li>\n<li><span style=\"font-weight: 400;\">Syst\u00e8me d&#8217;exp\u00e9dition s\u00fbr et bien \u00e9tabli<\/span><\/li>\n<li><span style=\"font-weight: 400;\">Publicit\u00e9 locale et attraction d&#8217;un nouveau public<\/span><\/li>\n<li><span style=\"font-weight: 400;\">Conditions de production individuelles pour la marque propre<\/span><\/li>\n<li><span style=\"font-weight: 400;\">Anonymat total<\/span><\/li>\n<\/ul>\n","cooperation_block_img":"https:\/\/oxytropin.ru\/fr\/wp-content\/uploads\/sites\/4\/2024\/03\/cooperation-2.png"},{"cooperation_block_title":"Coop\u00e9ration au niveau de l'\u00e9quipe OxySHOP","cooperation_block_descr":"<ul>\n<li><span style=\"font-weight: 400;\">Parrainage complet<\/span><\/li>\n<li><span style=\"font-weight: 400;\">Assistance \u00e0 la pr\u00e9paration<\/span><\/li>\n<li><span style=\"font-weight: 400;\">Conditions uniques de r\u00e9alisation<\/span><\/li>\n<li><span style=\"font-weight: 400;\">Encouragement pour les exploits sportifs<\/span><\/li>\n<li><span style=\"font-weight: 400;\">\u00c9quipe forte et amicale compos\u00e9e de personnes partageant les m\u00eames id\u00e9es<\/span><\/li>\n<li><span style=\"font-weight: 400;\">V\u00eatements de marque<\/span><\/li>\n<li><span style=\"font-weight: 400;\">D\u00e9veloppement de r\u00e9seaux sociaux<\/span><\/li>\n<\/ul>\n","cooperation_block_img":"https:\/\/oxytropin.ru\/fr\/wp-content\/uploads\/sites\/4\/2024\/03\/cooperation-3.png"}],"recommendation_section_title":"Comment choisir et acheter<br> correctement la pharmacologie du sport","recommendation_descr_one":"<p><span style=\"font-weight: 400;\">Le choix des pr\u00e9parations\u00a0 sp\u00e9cifiques d\u00e9pend de vos objectifs.<br \/>\nIl faut savoir que certains st\u00e9ro\u00efdes anabolisants sont avant tout destin\u00e9s<br \/>\n\u00e0 une prise de masse rapide, alors que d&#8217;autres sont excellents pendant la p\u00e9riode de s\u00e9chage.<br \/>\n<\/span><span style=\"font-weight: 400;\">Notre consultant hautement qualifi\u00e9 vous aidera gratuitement<br \/>\n\u00e0 choisir les produits adapt\u00e9s \u00e0 vos objectifs.<\/span><\/p>\n","recommendation_descr_two":"<p><span style=\"font-weight: 400;\">\u00a0D\u00e8s que cette question est r\u00e9solue,<br \/>\nvous devez choisir les pr\u00e9parations n\u00e9cessaires<br \/>\ndans notre magasin et passer une commande aupr\u00e8s<br \/>\nde notre responsable officiel.<\/span><\/p>\n","recommendation_descr_three":"<p><span style=\"font-weight: 400;\">Apr\u00e8s avoir pass\u00e9 la commande, vous n&#8217;avez plus<br \/>\nqu&#8217;\u00e0 attendre le colis. Si n\u00e9cessaire, vous b\u00e9n\u00e9ficierez<br \/>\nd&#8217;un soutien qualifi\u00e9 de la part de nos sp\u00e9cialistes<br \/>\ntout au long de la formation.<\/span><\/p>\n","benefits":[{"benefit_img":"https:\/\/oxytropin.ru\/fr\/wp-content\/uploads\/sites\/4\/2024\/03\/benefit1.png","benefit_title":"Notre soci\u00e9t\u00e9 op\u00e8re depuis<br> plus de 9 ans sur le march\u00e9<br> mondial","benefit_descr":"Elle occupe \u00e0 juste titre la premi\u00e8re<br> place parmi ses concurrents et est l'une<br> des meilleures places de march\u00e9 en ligne."},{"benefit_img":"https:\/\/oxytropin.ru\/fr\/wp-content\/uploads\/sites\/4\/2024\/03\/benefit2.png","benefit_title":"Qualit\u00e9 europ\u00e9enne.","benefit_descr":"Normes de production europ\u00e9ennes."},{"benefit_img":"https:\/\/oxytropin.ru\/fr\/wp-content\/uploads\/sites\/4\/2024\/03\/benefit3.png","benefit_title":"Exp\u00e9dition rapide.","benefit_descr":"La commande est exp\u00e9di\u00e9e dans<br> les 3 jours ouvrables suivant son traitement.<br> Le num\u00e9ro de suivi est fourni le jour de l'exp\u00e9dition."},{"benefit_img":"https:\/\/oxytropin.ru\/fr\/wp-content\/uploads\/sites\/4\/2024\/03\/benefit4.png","benefit_title":"Production propre.","benefit_descr":"Nous n'avons toujours en stock que des produits<br> originaux de la plus haute qualit\u00e9 de notre propre production.<br> Ce facteur nous permet de garantir le prix le plus juste pour les produits."},{"benefit_img":"https:\/\/oxytropin.ru\/fr\/wp-content\/uploads\/sites\/4\/2024\/03\/benefit5.png","benefit_title":"Syst\u00e8me flexible<br> de remises.","benefit_descr":"Promotions r\u00e9guli\u00e8res, tirages au sort, cadeaux de marque,<br> offres sp\u00e9ciales pour les entra\u00eeneurs et les athl\u00e8tes<br> de haut niveau."},{"benefit_img":"https:\/\/oxytropin.ru\/fr\/wp-content\/uploads\/sites\/4\/2024\/03\/benefit6.png","benefit_title":"Conseils gratuits<br> et professionnels","benefit_descr":"Nous disposons d'un conseiller hautement<br> qualifi\u00e9 qui vous aidera toujours gratuitement."},{"benefit_img":"https:\/\/oxytropin.ru\/fr\/wp-content\/uploads\/sites\/4\/2024\/03\/benefit7.png","benefit_title":"Protection contre<br> la contrefa\u00e7on.","benefit_descr":"Tous les produits OxySHOP ont un code de contr\u00f4le individuel.<br> L'originalit\u00e9 peut \u00eatre v\u00e9rifi\u00e9e sur le site officiel."},{"benefit_img":"https:\/\/oxytropin.ru\/fr\/wp-content\/uploads\/sites\/4\/2024\/03\/benefit8.png","benefit_title":"Un service de qualit\u00e9","benefit_descr":"Tous nos responsables, qui sont exp\u00e9riment\u00e9s dans<br> l'utilisation de la pharmacologie sportive, traitent les demandes<br> 24 heures sur 24, 7 jours sur 7, ind\u00e9pendamment des jours f\u00e9ri\u00e9s et des week-ends.<br>\r\nSoyez assur\u00e9 que vous obtiendrez la meilleure offre pour un set adapt\u00e9 \u00e0 vos objectifs."}],"analyses_title":"Nos analyses"},"_links":{"self":[{"href":"https:\/\/oxytropin.ru\/fr\/wp-json\/wp\/v2\/pages\/480","targetHints":{"allow":["GET"]}}],"collection":[{"href":"https:\/\/oxytropin.ru\/fr\/wp-json\/wp\/v2\/pages"}],"about":[{"href":"https:\/\/oxytropin.ru\/fr\/wp-json\/wp\/v2\/types\/page"}],"author":[{"embeddable":true,"href":"https:\/\/oxytropin.ru\/fr\/wp-json\/wp\/v2\/users\/1"}],"replies":[{"embeddable":true,"href":"https:\/\/oxytropin.ru\/fr\/wp-json\/wp\/v2\/comments?post=480"}],"version-history":[{"count":27,"href":"https:\/\/oxytropin.ru\/fr\/wp-json\/wp\/v2\/pages\/480\/revisions"}],"predecessor-version":[{"id":548,"href":"https:\/\/oxytropin.ru\/fr\/wp-json\/wp\/v2\/pages\/480\/revisions\/548"}],"wp:attachment":[{"href":"https:\/\/oxytropin.ru\/fr\/wp-json\/wp\/v2\/media?parent=480"}],"curies":[{"name":"wp","href":"https:\/\/api.w.org\/{rel}","templated":true}]}}